{"id":551,"date":"2023-02-03T14:16:26","date_gmt":"2023-02-03T19:16:26","guid":{"rendered":"https:\/\/www.origin-recycle.com\/?page_id=551"},"modified":"2023-02-10T11:37:05","modified_gmt":"2023-02-10T16:37:05","slug":"about-us","status":"publish","type":"page","link":"https:\/\/www.origin-recycle.com\/en\/about-us\/","title":{"rendered":"About Us"},"content":{"rendered":"<p class=\"pt-6 hidden md:block\">A partir del a\u00f1o 2012, Enkador ingresa al mercado de producci\u00f3n de resinas pl\u00e1sticas con el reciclaje de<br \/>\nPET post consumo, con la marca Recypet\u00ae. La incursi\u00f3n de la empresa en este segmento se gener\u00f3 debido a<br \/>\nla conciencia de protecci\u00f3n medioambiental de sus directivos; la misma ha ido evolucionando y<br \/>\najust\u00e1ndose a las demandas de los consumidores que esperan productos sociales y ambientalmente<br \/>\nresponsables: por eso nos llamamos Origin.<\/p>\n<p class=\"pt-6 text-primary_500 text-xl font-bold\">Nuestra planta de reciclaje actualmente opera con equipos italianos (Sorema-Previero) para lograr la<br \/>\nproducci\u00f3n de escama lavada y erema.<\/p>","protected":false},"excerpt":{"rendered":"<p>A partir del a\u00f1o 2012, Enkador ingresa al mercado de producci\u00f3n de resinas pl\u00e1sticas con el reciclaje de PET post consumo, con la marca Recypet\u00ae. La incursi\u00f3n de la empresa [&hellip;]<\/p>","protected":false},"author":1,"featured_media":254,"parent":0,"menu_order":0,"comment_status":"closed","ping_status":"closed","template":"page-EN.php","meta":{"_acf_changed":false,"inline_featured_image":false,"_monsterinsights_skip_tracking":false,"_monsterinsights_sitenote_active":false,"_monsterinsights_sitenote_note":"","_monsterinsights_sitenote_category":0,"_uf_show_specific_survey":0,"_uf_disable_surveys":false,"_kadence_starter_templates_imported_post":false,"footnotes":""},"class_list":["post-551","page","type-page","status-publish","has-post-thumbnail","hentry"],"acf":[],"yoast_head":"<!-- This site is optimized with the Yoast SEO plugin v26.7 - https:\/\/yoast.com\/wordpress\/plugins\/seo\/ -->\n<title>About Us - Origin<\/title>\n<meta name=\"robots\" content=\"index, follow, max-snippet:-1, max-image-preview:large, max-video-preview:-1\" \/>\n<link rel=\"canonical\" href=\"https:\/\/www.origin-recycle.com\/en\/about-us\/\" \/>\n<meta property=\"og:locale\" content=\"en_US\" \/>\n<meta property=\"og:type\" content=\"article\" \/>\n<meta property=\"og:title\" content=\"About Us - Origin\" \/>\n<meta property=\"og:description\" content=\"A partir del a\u00f1o 2012, Enkador ingresa al mercado de producci\u00f3n de resinas pl\u00e1sticas con el reciclaje de PET post consumo, con la marca Recypet\u00ae. La incursi\u00f3n de la empresa [&hellip;]\" \/>\n<meta property=\"og:url\" content=\"https:\/\/www.origin-recycle.com\/en\/about-us\/\" \/>\n<meta property=\"og:site_name\" content=\"Origin\" \/>\n<meta property=\"article:publisher\" content=\"https:\/\/www.facebook.com\/Origin-Recycle-101026425881230\" \/>\n<meta property=\"article:modified_time\" content=\"2023-02-10T16:37:05+00:00\" \/>\n<meta property=\"og:image\" content=\"https:\/\/www.origin-recycle.com\/wp-content\/uploads\/2022\/06\/bg-productos.png\" \/>\n\t<meta property=\"og:image:width\" content=\"1440\" \/>\n\t<meta property=\"og:image:height\" content=\"800\" \/>\n\t<meta property=\"og:image:type\" content=\"image\/png\" \/>\n<meta name=\"twitter:card\" content=\"summary_large_image\" \/>\n<meta name=\"twitter:site\" content=\"@origin_recycle\" \/>\n<script type=\"application\/ld+json\" class=\"yoast-schema-graph\">{\"@context\":\"https:\/\/schema.org\",\"@graph\":[{\"@type\":\"WebPage\",\"@id\":\"https:\/\/www.origin-recycle.com\/en\/about-us\/\",\"url\":\"https:\/\/www.origin-recycle.com\/en\/about-us\/\",\"name\":\"About Us - Origin\",\"isPartOf\":{\"@id\":\"https:\/\/www.origin-recycle.com\/#website\"},\"primaryImageOfPage\":{\"@id\":\"https:\/\/www.origin-recycle.com\/en\/about-us\/#primaryimage\"},\"image\":{\"@id\":\"https:\/\/www.origin-recycle.com\/en\/about-us\/#primaryimage\"},\"thumbnailUrl\":\"https:\/\/www.origin-recycle.com\/wp-content\/uploads\/2022\/06\/bg-productos.png\",\"datePublished\":\"2023-02-03T19:16:26+00:00\",\"dateModified\":\"2023-02-10T16:37:05+00:00\",\"breadcrumb\":{\"@id\":\"https:\/\/www.origin-recycle.com\/en\/about-us\/#breadcrumb\"},\"inLanguage\":\"en-US\",\"potentialAction\":[{\"@type\":\"ReadAction\",\"target\":[\"https:\/\/www.origin-recycle.com\/en\/about-us\/\"]}]},{\"@type\":\"ImageObject\",\"inLanguage\":\"en-US\",\"@id\":\"https:\/\/www.origin-recycle.com\/en\/about-us\/#primaryimage\",\"url\":\"https:\/\/www.origin-recycle.com\/wp-content\/uploads\/2022\/06\/bg-productos.png\",\"contentUrl\":\"https:\/\/www.origin-recycle.com\/wp-content\/uploads\/2022\/06\/bg-productos.png\",\"width\":1440,\"height\":800},{\"@type\":\"BreadcrumbList\",\"@id\":\"https:\/\/www.origin-recycle.com\/en\/about-us\/#breadcrumb\",\"itemListElement\":[{\"@type\":\"ListItem\",\"position\":1,\"name\":\"Home\",\"item\":\"https:\/\/www.origin-recycle.com\/\"},{\"@type\":\"ListItem\",\"position\":2,\"name\":\"About Us\"}]},{\"@type\":\"WebSite\",\"@id\":\"https:\/\/www.origin-recycle.com\/#website\",\"url\":\"https:\/\/www.origin-recycle.com\/\",\"name\":\"OriginRecycle\",\"description\":\"El poder de uno\",\"publisher\":{\"@id\":\"https:\/\/www.origin-recycle.com\/#organization\"},\"potentialAction\":[{\"@type\":\"SearchAction\",\"target\":{\"@type\":\"EntryPoint\",\"urlTemplate\":\"https:\/\/www.origin-recycle.com\/?s={search_term_string}\"},\"query-input\":{\"@type\":\"PropertyValueSpecification\",\"valueRequired\":true,\"valueName\":\"search_term_string\"}}],\"inLanguage\":\"en-US\"},{\"@type\":\"Organization\",\"@id\":\"https:\/\/www.origin-recycle.com\/#organization\",\"name\":\"OriginRecycle Ecuador\",\"url\":\"https:\/\/www.origin-recycle.com\/\",\"logo\":{\"@type\":\"ImageObject\",\"inLanguage\":\"en-US\",\"@id\":\"https:\/\/www.origin-recycle.com\/#\/schema\/logo\/image\/\",\"url\":\"https:\/\/www.origin-recycle.com\/wp-content\/uploads\/2022\/04\/04-Abril-ORIGIN-Blog-4-Horizontal.jpg\",\"contentUrl\":\"https:\/\/www.origin-recycle.com\/wp-content\/uploads\/2022\/04\/04-Abril-ORIGIN-Blog-4-Horizontal.jpg\",\"width\":1440,\"height\":800,\"caption\":\"OriginRecycle Ecuador\"},\"image\":{\"@id\":\"https:\/\/www.origin-recycle.com\/#\/schema\/logo\/image\/\"},\"sameAs\":[\"https:\/\/www.facebook.com\/Origin-Recycle-101026425881230\",\"https:\/\/x.com\/origin_recycle\",\"https:\/\/www.instagram.com\/originrecycle\/?hl=es-la\",\"https:\/\/www.youtube.com\/channel\/UCXfvf0AGAyf43q09yZQlLDg\",\"https:\/\/www.linkedin.com\/company\/origin-recycle\/\"]}]}<\/script>\n<!-- \/ Yoast SEO plugin. -->","yoast_head_json":{"title":"About Us - Origin","robots":{"index":"index","follow":"follow","max-snippet":"max-snippet:-1","max-image-preview":"max-image-preview:large","max-video-preview":"max-video-preview:-1"},"canonical":"https:\/\/www.origin-recycle.com\/en\/about-us\/","og_locale":"en_US","og_type":"article","og_title":"About Us - Origin","og_description":"A partir del a\u00f1o 2012, Enkador ingresa al mercado de producci\u00f3n de resinas pl\u00e1sticas con el reciclaje de PET post consumo, con la marca Recypet\u00ae. La incursi\u00f3n de la empresa [&hellip;]","og_url":"https:\/\/www.origin-recycle.com\/en\/about-us\/","og_site_name":"Origin","article_publisher":"https:\/\/www.facebook.com\/Origin-Recycle-101026425881230","article_modified_time":"2023-02-10T16:37:05+00:00","og_image":[{"width":1440,"height":800,"url":"https:\/\/www.origin-recycle.com\/wp-content\/uploads\/2022\/06\/bg-productos.png","type":"image\/png"}],"twitter_card":"summary_large_image","twitter_site":"@origin_recycle","schema":{"@context":"https:\/\/schema.org","@graph":[{"@type":"WebPage","@id":"https:\/\/www.origin-recycle.com\/en\/about-us\/","url":"https:\/\/www.origin-recycle.com\/en\/about-us\/","name":"About Us - Origin","isPartOf":{"@id":"https:\/\/www.origin-recycle.com\/#website"},"primaryImageOfPage":{"@id":"https:\/\/www.origin-recycle.com\/en\/about-us\/#primaryimage"},"image":{"@id":"https:\/\/www.origin-recycle.com\/en\/about-us\/#primaryimage"},"thumbnailUrl":"https:\/\/www.origin-recycle.com\/wp-content\/uploads\/2022\/06\/bg-productos.png","datePublished":"2023-02-03T19:16:26+00:00","dateModified":"2023-02-10T16:37:05+00:00","breadcrumb":{"@id":"https:\/\/www.origin-recycle.com\/en\/about-us\/#breadcrumb"},"inLanguage":"en-US","potentialAction":[{"@type":"ReadAction","target":["https:\/\/www.origin-recycle.com\/en\/about-us\/"]}]},{"@type":"ImageObject","inLanguage":"en-US","@id":"https:\/\/www.origin-recycle.com\/en\/about-us\/#primaryimage","url":"https:\/\/www.origin-recycle.com\/wp-content\/uploads\/2022\/06\/bg-productos.png","contentUrl":"https:\/\/www.origin-recycle.com\/wp-content\/uploads\/2022\/06\/bg-productos.png","width":1440,"height":800},{"@type":"BreadcrumbList","@id":"https:\/\/www.origin-recycle.com\/en\/about-us\/#breadcrumb","itemListElement":[{"@type":"ListItem","position":1,"name":"Home","item":"https:\/\/www.origin-recycle.com\/"},{"@type":"ListItem","position":2,"name":"About Us"}]},{"@type":"WebSite","@id":"https:\/\/www.origin-recycle.com\/#website","url":"https:\/\/www.origin-recycle.com\/","name":"OriginRecycle","description":"El poder de uno","publisher":{"@id":"https:\/\/www.origin-recycle.com\/#organization"},"potentialAction":[{"@type":"SearchAction","target":{"@type":"EntryPoint","urlTemplate":"https:\/\/www.origin-recycle.com\/?s={search_term_string}"},"query-input":{"@type":"PropertyValueSpecification","valueRequired":true,"valueName":"search_term_string"}}],"inLanguage":"en-US"},{"@type":"Organization","@id":"https:\/\/www.origin-recycle.com\/#organization","name":"OriginRecycle Ecuador","url":"https:\/\/www.origin-recycle.com\/","logo":{"@type":"ImageObject","inLanguage":"en-US","@id":"https:\/\/www.origin-recycle.com\/#\/schema\/logo\/image\/","url":"https:\/\/www.origin-recycle.com\/wp-content\/uploads\/2022\/04\/04-Abril-ORIGIN-Blog-4-Horizontal.jpg","contentUrl":"https:\/\/www.origin-recycle.com\/wp-content\/uploads\/2022\/04\/04-Abril-ORIGIN-Blog-4-Horizontal.jpg","width":1440,"height":800,"caption":"OriginRecycle Ecuador"},"image":{"@id":"https:\/\/www.origin-recycle.com\/#\/schema\/logo\/image\/"},"sameAs":["https:\/\/www.facebook.com\/Origin-Recycle-101026425881230","https:\/\/x.com\/origin_recycle","https:\/\/www.instagram.com\/originrecycle\/?hl=es-la","https:\/\/www.youtube.com\/channel\/UCXfvf0AGAyf43q09yZQlLDg","https:\/\/www.linkedin.com\/company\/origin-recycle\/"]}]}},"_links":{"self":[{"href":"https:\/\/www.origin-recycle.com\/en\/wp-json\/wp\/v2\/pages\/551","targetHints":{"allow":["GET"]}}],"collection":[{"href":"https:\/\/www.origin-recycle.com\/en\/wp-json\/wp\/v2\/pages"}],"about":[{"href":"https:\/\/www.origin-recycle.com\/en\/wp-json\/wp\/v2\/types\/page"}],"author":[{"embeddable":true,"href":"https:\/\/www.origin-recycle.com\/en\/wp-json\/wp\/v2\/users\/1"}],"replies":[{"embeddable":true,"href":"https:\/\/www.origin-recycle.com\/en\/wp-json\/wp\/v2\/comments?post=551"}],"version-history":[{"count":9,"href":"https:\/\/www.origin-recycle.com\/en\/wp-json\/wp\/v2\/pages\/551\/revisions"}],"predecessor-version":[{"id":637,"href":"https:\/\/www.origin-recycle.com\/en\/wp-json\/wp\/v2\/pages\/551\/revisions\/637"}],"wp:featuredmedia":[{"embeddable":true,"href":"https:\/\/www.origin-recycle.com\/en\/wp-json\/wp\/v2\/media\/254"}],"wp:attachment":[{"href":"https:\/\/www.origin-recycle.com\/en\/wp-json\/wp\/v2\/media?parent=551"}],"curies":[{"name":"wp","href":"https:\/\/api.w.org\/{rel}","templated":true}]}}